{"id":13,"date":"2019-02-12T23:07:48","date_gmt":"2019-02-13T01:07:48","guid":{"rendered":"http:\/\/localhost\/ebs\/?page_id=13"},"modified":"2023-07-07T18:44:57","modified_gmt":"2023-07-07T21:44:57","slug":"inscricoes-e-subimissoes","status":"publish","type":"page","link":"https:\/\/ebs.ect.ufrn.br\/?page_id=13","title":{"rendered":"Inscri\u00e7\u00f5es e submiss\u00f5es"},"content":{"rendered":"\n<p>Inscri\u00e7\u00e3o (<a href=\"https:\/\/youtu.be\/3CbP_3nbRe8\"><strong>tutorial para realiza\u00e7\u00e3o da inscri\u00e7\u00e3o e submiss\u00e3o da documenta\u00e7\u00e3o exigida<\/strong><\/a>)<\/p>\n\n\n\n<p>1) Efetuar inscri\u00e7\u00e3o na plataforma <a href=\"https:\/\/sigeventos.ufrn.br\/sigeventos\/login.xhtml\"><strong>SIGEVENTOS<\/strong><\/a>;<\/p>\n\n\n\n<p>2) Submeter os seguintes documentos exigidos, no ato da inscri\u00e7\u00e3o, na plataforma <a href=\"https:\/\/sigeventos.ufrn.br\/sigeventos\/login.xhtml\"><strong>SIGEVENTOS<\/strong><\/a>:<\/p>\n\n\n\n<p>\u2022 Hist\u00f3rico escolar (oficial) contendo as disciplinas cursadas e respectivas pontua\u00e7\u00f5es.<\/p>\n\n\n\n<p>\u2022 Curriculum Lattes, enfatizando os trabalhos cient\u00edficos publicados em peri\u00f3dicos nacionais e internacionais e em Anais de Confer\u00eancias.<\/p>\n\n\n\n<p>\u2022 Carta justificativa sobre a import\u00e2ncia da participa\u00e7\u00e3o no evento para a carreira acad\u00eamica ou de pesquisa, descrevendo pesquisa em desenvolvimento, afilia\u00e7\u00e3o acad\u00eamica, a data esperada da formatura e se possui bolsa de estudos cient\u00edfica.<\/p>\n\n\n\n<p>\u2022 Artigo Cient\u00edfico (de no m\u00e1ximo 4 p\u00e1ginas ) relacionado com a Pesquisa desenvolvida no curso de Gradua\u00e7\u00e3o (Trabalho de Inicia\u00e7\u00e3o Cient\u00edfica ou Trabalho de Conclus\u00e3o de Curso), ou no curso de P\u00f3s-Gradua\u00e7\u00e3o (Disserta\u00e7\u00e3o de Mestrado ou Tese de Doutorado), ou no Trabalho de P\u00f3s-Doutorado.<\/p>\n\n\n\n<p>\u2022 Carta de recomenda\u00e7\u00e3o assinada por Orientador acad\u00eamico, ou por Ex-Supervisor, no caso de Ph. D. Junior (P\u00f3s-Doc).<\/p>\n\n\n\n<p>\u2022 Profici\u00eancia de idioma Inglesa:<\/p>\n\n\n\n<ul>\n<li>Para P\u00f3s-Doutorandos e Doutores (que conclu\u00edram Doutorado nos \u00faltimos tr\u00eas anos) e &nbsp;Discentes de Doutorado submeter documento oficial de profici\u00eancia de idioma (TOEIC, TOEFL ou equivalente).<\/li>\n\n\n\n<li>Para Discentes de Mestrado e de Gradua\u00e7\u00e3o submeter uma carta de recomenda\u00e7\u00e3o assinada pelo Conselheiro ou Orientador Acad\u00eamico declarando que a profici\u00eancia em ingl\u00eas do Discente \u00e9 adequada para participar do evento.<\/li>\n\n\n\n<li>Para Profissionais e Professores que desejam participar do evento, apresentar documento oficial de profici\u00eancia de idioma (TOEIC, TOEFL ou equivalente).<\/li>\n<\/ul>\n\n\n\n<p class=\"has-text-align-center has-medium-font-size\"> <strong>Submiss\u00f5es <\/strong><\/p>\n\n\n\n<p>Em fun\u00e7\u00e3o, do poss\u00edvel, n\u00famero de inscri\u00e7\u00f5es os Candidatos dever\u00e3o submeter a documenta\u00e7\u00e3o (em pdf), com ultimo nome. Primeiro nome (documento) conforme exemplo abaixo (utilizado dados do Coordenador) solicitado:<\/p>\n\n\n\n<p>Hist\u00f3rico escolar: Toro.Paulo (Hist\u00f3rico).pdf<\/p>\n\n\n\n<p>Curriculum Lattes: Toro.Paulo (Lattes).pdf<\/p>\n\n\n\n<p>Carta justificativa: Toro.Paulo (Justificativa).pdf<\/p>\n\n\n\n<p>Artigo Cient\u00edfico: Toro.Paulo (Artigo).pdf<\/p>\n\n\n\n<p>Carta de recomenda\u00e7\u00e3o: Toro.Paulo (Recomenda\u00e7\u00e3o).pdf<\/p>\n\n\n\n<p>Profici\u00eancia de idioma Inglesa: Toro.Paulo (Profici\u00eancia).pdf<\/p>\n\n\n\n<p class=\"has-vivid-red-color has-text-color\"><strong>Aten\u00e7\u00e3o: <\/strong><\/p>\n\n\n\n<p class=\"has-vivid-red-color has-text-color\"><strong>No ato da inscri\u00e7\u00e3o dos Candidatos selecionados ser\u00e3o exigidos a comprova\u00e7\u00e3o dos artigos publicados em peri\u00f3dicos e dos artigos apresentados nas confer\u00eancia. <\/strong><\/p>\n\n\n\n<p class=\"has-vivid-red-color has-text-color\"><strong>Os Candidatos selecionados dever\u00e3o submeter c\u00f3pia dos artigos (completos) na plataforma <\/strong><a href=\"https:\/\/sigeventos.ufrn.br\/sigeventos\/login.xhtml\"><strong>SIGEVENTOS<\/strong><\/a>.<\/p>\n\n\n\n<p class=\"has-text-align-center has-medium-font-size\"> <strong>Documenta\u00e7\u00e3o <\/strong><\/p>\n\n\n\n<p>Artigo Cient\u00edfico relacionado com a Pesquisa desenvolvida no curso de Gradua\u00e7\u00e3o (Trabalho de Inicia\u00e7\u00e3o Cient\u00edfica ou Trabalho de Conclus\u00e3o de Curso), ou no curso de P\u00f3s-Gradua\u00e7\u00e3o (Disserta\u00e7\u00e3o de Mestrado ou Tese de Doutorado), ou no Trabalho de P\u00f3s-Doutorado.<\/p>\n\n\n\n<p>1) Artigo obedecendo template (em word) <a href=\"http:\/\/sigeventos.ufrn.br\/sigeventos\/verArquivo?idArquivo=5506829&amp;key=1372ab4e25eecc8893236ecbe91987ba\"><strong>Template Artigo (.doc) ;<\/strong><\/a><\/p>\n\n\n\n<p>2) Poster obedecendo template (em ppt) <a href=\"http:\/\/sigeventos.ufrn.br\/sigeventos\/verArquivo?idArquivo=5433803&amp;key=617f716ae72bfaff726dbffaca61be0c\"><strong>Template Apresenta\u00e7\u00e3o (.ppt) .<\/strong><\/a><\/p>\n\n\n\n<p class=\"has-text-align-center has-medium-font-size\"><strong>Certificados<\/strong><\/p>\n\n\n\n<p>A UFRN emitir\u00e1 certificado aos Candidatos de participa\u00e7\u00e3o na 1\u00aa Escola Brasileira em Propuls\u00e3o Hipers\u00f4nica Aspirada em scramjet.<\/p>\n\n\n\n<p>A Escola de Ci\u00eancias e Tecnologia e o Departamento de Engenharia Mec\u00e2nica emitir\u00e3o certificados para Discentes de Gradua\u00e7\u00e3o em Engenharia Mec\u00e2nica e do Programa de P\u00f3s-Gradua\u00e7\u00e3o em Engenharia Mec\u00e2nica da UFRN que participarem da 1\u00aa Escola Brasileira em Propuls\u00e3o Hipers\u00f4nica Aspirada em scramjet.<\/p>\n\n\n\n<p>A Escola de Ci\u00eancias e Tecnologia e o Departamento de Engenharia Mec\u00e2nica emitir\u00e3o certificados para Discentes de Gradua\u00e7\u00e3o em Engenharia Mec\u00e2nica e do Programa de P\u00f3s-Gradua\u00e7\u00e3o em Engenharia Mec\u00e2nica da UFRN que participarem da 1\u00aa Escola Brasileira em Propuls\u00e3o Hipers\u00f4nica Aspirada em scramjet.<\/p>\n\n\n\n<p>Mec\u00e2nica da UFRN que participarem da 1\u00aa Escola Brasileira em Propuls\u00e3o Hipers\u00f4nica Aspirada em scramjet.<\/p>\n\n\n\n<p class=\"has-text-align-center has-medium-font-size\"><strong>Taxas de inscri\u00e7\u00e3o<\/strong><\/p>\n\n\n\n<p>Discentes de Gradua\u00e7\u00e3o <strong> R$ 100,00 <\/strong><\/p>\n\n\n\n<p>Discentes de Mestrado\/Doutorado <strong> R$ 200,00 <\/strong><\/p>\n\n\n\n<p>Doutores e P\u00f3s-Doc <strong>R$ 300,00 <\/strong><\/p>\n\n\n\n<p>Professores  \/ Pesquisadores <strong> R$ 400,00<\/strong><\/p>\n\n\n\n<p>**Somente dos Candidatos selecionados ser\u00e1 exigido o pagamento da taxa de inscri\u00e7\u00e3o<\/p>\n\n\n\n<p><\/p>\n","protected":false},"excerpt":{"rendered":"<p>Inscri\u00e7\u00e3o (tutorial para realiza\u00e7\u00e3o da inscri\u00e7\u00e3o e submiss\u00e3o da documenta\u00e7\u00e3o exigida) 1) Efetuar inscri\u00e7\u00e3o na plataforma SIGEVENTOS; 2) Submeter os seguintes documentos exigidos, no ato da inscri\u00e7\u00e3o, na plataforma SIGEVENTOS: \u2022 Hist\u00f3rico escolar (oficial) contendo as disciplinas cursadas e respectivas pontua\u00e7\u00f5es. \u2022 Curriculum Lattes, enfatizando os trabalhos cient\u00edficos publicados em peri\u00f3dicos nacionais e internacionais e <a href=\"https:\/\/ebs.ect.ufrn.br\/?page_id=13\" rel=\"nofollow\"><span class=\"sr-only\">Read more about Inscri\u00e7\u00f5es e submiss\u00f5es<\/span>[&hellip;]<\/a><\/p>\n","protected":false},"author":1,"featured_media":0,"parent":0,"menu_order":0,"comment_status":"closed","ping_status":"closed","template":"","meta":[],"acf":[],"_links":{"self":[{"href":"https:\/\/ebs.ect.ufrn.br\/index.php?rest_route=\/wp\/v2\/pages\/13"}],"collection":[{"href":"https:\/\/ebs.ect.ufrn.br\/index.php?rest_route=\/wp\/v2\/pages"}],"about":[{"href":"https:\/\/ebs.ect.ufrn.br\/index.php?rest_route=\/wp\/v2\/types\/page"}],"author":[{"embeddable":true,"href":"https:\/\/ebs.ect.ufrn.br\/index.php?rest_route=\/wp\/v2\/users\/1"}],"replies":[{"embeddable":true,"href":"https:\/\/ebs.ect.ufrn.br\/index.php?rest_route=%2Fwp%2Fv2%2Fcomments&post=13"}],"version-history":[{"count":5,"href":"https:\/\/ebs.ect.ufrn.br\/index.php?rest_route=\/wp\/v2\/pages\/13\/revisions"}],"predecessor-version":[{"id":131,"href":"https:\/\/ebs.ect.ufrn.br\/index.php?rest_route=\/wp\/v2\/pages\/13\/revisions\/131"}],"wp:attachment":[{"href":"https:\/\/ebs.ect.ufrn.br\/index.php?rest_route=%2Fwp%2Fv2%2Fmedia&parent=13"}],"curies":[{"name":"wp","href":"https:\/\/api.w.org\/{rel}","templated":true}]}}